{"id":9549,"date":"2025-11-24T13:16:35","date_gmt":"2025-11-24T13:16:35","guid":{"rendered":"https:\/\/natur.net.tr\/?page_id=9549"},"modified":"2025-12-19T12:00:19","modified_gmt":"2025-12-19T12:00:19","slug":"hicaz-nari","status":"publish","type":"page","link":"https:\/\/natur.net.tr\/en\/natur-urunleri\/hicaz-nari\/","title":{"rendered":"Nar"},"content":{"rendered":"<div data-elementor-type=\"wp-page\" data-elementor-id=\"9549\" class=\"elementor elementor-9549\" data-elementor-post-type=\"page\">\n\t\t\t\t<div class=\"elementor-element elementor-element-5f75f8a e-flex e-con-boxed e-con e-parent\" data-id=\"5f75f8a\" data-element_type=\"container\">\t\t\t<div class=\"e-con-inner\">\r\n\t\t<div class=\"elementor-element elementor-element-762a176 e-con-full e-flex e-con e-child\" data-id=\"762a176\" data-element_type=\"container\"><div class=\"elementor-element elementor-element-60a7a6a e-con-full e-flex e-con e-child\" data-id=\"60a7a6a\" data-element_type=\"container\" data-settings=\"{&quot;background_background&quot;:&quot;classic&quot;}\">\t\t<div class=\"elementor-element elementor-element-705f232 elementor-widget-laptop__width-initial elementor-widget elementor-widget-pxl_heading\" data-id=\"705f232\" data-element_type=\"widget\" data-widget_type=\"pxl_heading.default\">\n\t\t\t\t<div class=\"elementor-widget-container\">\n\t\t\t\t\t\r\n<div class=\"pxl-heading\">\r\n                <h6 class=\"pxl-heading-title heading-title-default\" \r\n        >\r\n            <span class=\"pxl-title-text\">\u00dcr\u00fcn Kategorileri<\/span>\r\n        <\/h6>\r\n    <\/div>\r\n\t\t\t\t<\/div>\n\t\t\t\t<\/div>\n\t\t\t\t<div class=\"elementor-element elementor-element-dbc2ad9 elementor-widget-laptop__width-initial elementor-icon-list--layout-traditional elementor-list-item-link-full_width elementor-widget elementor-widget-icon-list\" data-id=\"dbc2ad9\" data-element_type=\"widget\" data-widget_type=\"icon-list.default\">\n\t\t\t\t\t\t\t<ul class=\"elementor-icon-list-items\">\n\t\t\t\t\t\t\t<li class=\"elementor-icon-list-item\">\n\t\t\t\t\t\t\t\t\t\t\t<a href=\"\/en\/urunlerimiz\/domates\/\">\n\n\t\t\t\t\t\t\t\t\t\t\t<span class=\"elementor-icon-list-text\">Tomato<\/span>\n\t\t\t\t\t\t\t\t\t\t\t<\/a>\n\t\t\t\t\t\t\t\t\t<\/li>\n\t\t\t\t\t\t\t\t<li class=\"elementor-icon-list-item\">\n\t\t\t\t\t\t\t\t\t\t\t<a href=\"\/en\/urunlerimiz\/biber\/\">\n\n\t\t\t\t\t\t\t\t\t\t\t<span class=\"elementor-icon-list-text\">Pepper<\/span>\n\t\t\t\t\t\t\t\t\t\t\t<\/a>\n\t\t\t\t\t\t\t\t\t<\/li>\n\t\t\t\t\t\t\t\t<li class=\"elementor-icon-list-item\">\n\t\t\t\t\t\t\t\t\t\t\t<a href=\"\/en\/urunlerimiz\/kabak\/\">\n\n\t\t\t\t\t\t\t\t\t\t\t<span class=\"elementor-icon-list-text\">Pumpkin<\/span>\n\t\t\t\t\t\t\t\t\t\t\t<\/a>\n\t\t\t\t\t\t\t\t\t<\/li>\n\t\t\t\t\t\t\t\t<li class=\"elementor-icon-list-item\">\n\t\t\t\t\t\t\t\t\t\t\t<a href=\"\/en\/urunlerimiz\/karpuz\/\">\n\n\t\t\t\t\t\t\t\t\t\t\t<span class=\"elementor-icon-list-text\">Watermelon<\/span>\n\t\t\t\t\t\t\t\t\t\t\t<\/a>\n\t\t\t\t\t\t\t\t\t<\/li>\n\t\t\t\t\t\t\t\t<li class=\"elementor-icon-list-item\">\n\t\t\t\t\t\t\t\t\t\t\t<a href=\"\/en\/urunlerimiz\/nar\/\">\n\n\t\t\t\t\t\t\t\t\t\t\t<span class=\"elementor-icon-list-text\">Nar<\/span>\n\t\t\t\t\t\t\t\t\t\t\t<\/a>\n\t\t\t\t\t\t\t\t\t<\/li>\n\t\t\t\t\t\t<\/ul>\n\t\t\t\t\t\t<\/div>\n\t\t\t\t<\/div>\r\n\t\t<div class=\"elementor-element elementor-element-2e06a43 e-con-full e-flex e-con e-child\" data-id=\"2e06a43\" data-element_type=\"container\" data-settings=\"{&quot;background_background&quot;:&quot;classic&quot;}\">\t\t<div class=\"elementor-element elementor-element-c8cf4c8 elementor-widget elementor-widget-pxl_contact_form7\" data-id=\"c8cf4c8\" data-element_type=\"widget\" data-widget_type=\"pxl_contact_form7.default\">\n\t\t\t\t<div class=\"elementor-widget-container\">\n\t\t\t\t\t                    <div class=\"pxl-contact-form\">\r\n            <p class=\"wpcf7-contact-form-not-found\"><strong>Error:<\/strong> Contact form not found.<\/p>        <\/div>\r\n    \t\t\t\t<\/div>\n\t\t\t\t<\/div>\n\t\t\t\t<div class=\"elementor-element elementor-element-5378e56 elementor-widget elementor-widget-pxl_button\" data-id=\"5378e56\" data-element_type=\"widget\" data-widget_type=\"pxl_button.default\">\n\t\t\t\t<div class=\"elementor-widget-container\">\n\t\t\t\t\t<a class=\"pxl-button pxl-button-default pxl-atc-submit\" data-wpcf7-id=\"633730b\" >\r\n                        <span class=\"pxl-button-text\">\r\n                                    <span class=\"pxl-button-icon icon-duplicated\">\r\n                        <svg xmlns=\"http:\/\/www.w3.org\/2000\/svg\" width=\"12\" height=\"12\" viewbox=\"0 0 12 12\" fill=\"none\"><path d=\"M10.0035 3.4083L1.41176 12L0 10.5882L8.59171 1.99654H1.01905V0H12V10.981H10.0035V3.4083Z\" fill=\"currentcolor\"><\/path><\/svg>                    <\/span>\r\n                                Send                                    <span class=\"pxl-button-icon icon-main\">\r\n                        <svg xmlns=\"http:\/\/www.w3.org\/2000\/svg\" width=\"12\" height=\"12\" viewbox=\"0 0 12 12\" fill=\"none\"><path d=\"M10.0035 3.4083L1.41176 12L0 10.5882L8.59171 1.99654H1.01905V0H12V10.981H10.0035V3.4083Z\" fill=\"currentcolor\"><\/path><\/svg>                    <\/span>\r\n                            <\/span>\r\n            <\/a>\r\n\t\t\t\t<\/div>\n\t\t\t\t<\/div>\n\t\t\t\t<\/div>\r\n\t\t\t\t<\/div>\r\n\t\t<div class=\"elementor-element elementor-element-79b9f7b e-con-full e-flex e-con e-child\" data-id=\"79b9f7b\" data-element_type=\"container\">\t\t<div class=\"elementor-element elementor-element-ce776a3 elementor-widget elementor-widget-pxl_post_title\" data-id=\"ce776a3\" data-element_type=\"widget\" data-widget_type=\"pxl_post_title.default\">\n\t\t\t\t<div class=\"elementor-widget-container\">\n\t\t\t\t\t<h1 class=\"pxl-post-title\">\r\n    <span class=\"pxl-title-text\">Nar<\/span>\r\n<\/h1>\t\t\t\t<\/div>\n\t\t\t\t<\/div>\n\t\t\t\t<div class=\"elementor-element elementor-element-1c193f7 elementor-widget elementor-widget-pxl_service\" data-id=\"1c193f7\" data-element_type=\"widget\" data-widget_type=\"pxl_service.default\">\n\t\t\t\t<div class=\"elementor-widget-container\">\n\t\t\t\t\t    <div class=\"grid pxl-service pxl-service-grid pxl-service-layout7\" data-start-page=\"1\" data-max-pages=\"1\" data-total=\"1\" data-perpage=\"15\" data-next-link=\"\">\r\n        <div class=\"grid-inner\">\r\n                        <div class=\"grid-item\"\n            >\n                <div class=\"pxl-post-item\">\n                    <div class=\"pxl-post-featured\">\n                        <a href=\"https:\/\/natur.net.tr\/en\/urunler\/nar-uzun-raf-omru\/\" class=\"pxl-featured-link\">\n                            <img loading=\"lazy\" decoding=\"async\" src=\"https:\/\/natur.net.tr\/wp-content\/uploads\/2025\/11\/Nar-576x740.jpg\" width=\"576\" height=\"814\" class=\"pxl-image\" alt=\"We grow fresh, organic produce using clean methods that protect nature, healthy food.\" \/>                        <\/a>\n                    <\/div>\n                    <div class=\"pxl-post-icon\">\n                        <svg width=\"73\" height=\"73\" viewbox=\"0 0 73 73\" fill=\"none\" xmlns=\"http:\/\/www.w3.org\/2000\/svg\">\n<circle cx=\"36.5\" cy=\"36.5\" r=\"36\" stroke=\"currentcolor\" stroke-dasharray=\"4 4\"\/>\n<\/svg>\n<svg xmlns=\"http:\/\/www.w3.org\/2000\/svg\" width=\"62\" height=\"62\" viewbox=\"0 0 62 62\" fill=\"none\"><path d=\"M36.9907 36.1176C31.5692 41.6178 32.6213 51.4461 32.6213 51.4461C32.6213 51.4461 42.4694 52.3621 47.8909 46.8619C51.9406 42.7534 52.3788 36.234 52.3406 33.1905C52.3285 32.2299 51.5519 31.4646 50.5911 31.4669C47.5488 31.4741 41.0401 32.0095 36.9907 36.1176Z\" fill=\"#7CC558\"><\/path><path d=\"M38.2216 8.83914C31.8391 17.0365 34.7835 30.0032 34.7835 30.0032C34.7835 30.0032 48.0846 29.6852 54.4671 21.4879C59.2345 15.3648 58.7996 6.58571 58.272 2.52543C58.1055 1.24378 56.948 0.34296 55.6647 0.496385C51.6009 0.982335 42.9887 2.71664 38.2216 8.83914Z\" fill=\"#7CC558\"><\/path><path d=\"M10.1919 43.0473C18.2051 50.9455 32.5239 49.412 32.5239 49.412C32.5239 49.412 33.8584 35.0644 25.8453 27.1662C19.8597 21.2665 10.3616 20.6283 5.92763 20.6843C4.52803 20.702 3.41312 21.8335 3.41651 23.2332C3.42693 27.6657 4.20701 37.1481 10.1919 43.0473Z\" fill=\"#7CC558\"><\/path><path d=\"M45.1618 16.041C44.9149 15.5732 44.3357 15.3921 43.8666 15.6397C34.2018 20.732 32.0347 36.7335 31.6071 45.9382C27.2998 36.4748 17.8547 33.5064 17.7213 33.4663C17.2144 33.3153 16.6813 33.6021 16.5287 34.1086C16.3762 34.6152 16.6633 35.1494 17.1694 35.3027C17.8683 35.5143 34.2543 40.7102 31.4797 60.4285C31.3992 61.0016 31.8423 61.5209 32.4304 61.5209C32.9007 61.5209 33.3111 61.1748 33.3786 60.6957C34.2094 54.7907 31.2237 49.8633 42.112 41.499C42.532 41.1766 42.611 40.5746 42.2883 40.1547C41.9652 39.7343 41.3635 39.6551 40.9441 39.9784C38.5684 41.8033 35.6216 44.561 33.4678 48.2246C33.6726 39.9968 35.2464 22.349 44.7604 17.3364C45.229 17.0893 45.4087 16.5093 45.1618 16.041Z\" fill=\"#3F3F3F\"><\/path><\/svg>                    <\/div>\n                    <h5 class=\"pxl-post-title\">\n                        <a href=\"https:\/\/natur.net.tr\/en\/urunler\/nar-uzun-raf-omru\/\" class=\"pxl-title-link\">\n                            Nar                        <\/a>\n                    <\/h5>\n                <\/div>\n            <\/div>\n                <\/div>\r\n            <\/div>\r\n\t\t\t\t<\/div>\n\t\t\t\t<\/div>\n\t\t\t\t<\/div>\r\n\t\t\t\t\t<\/div>\r\n\t\t\t\t<\/div>\r\n\t\t\t\t<\/div>","protected":false},"excerpt":{"rendered":"<p>\u00dcr\u00fcn Kategorileri Domates Biber Kabak Karpuz Nar Ayd\u0131nlatma Metni okudum ve anlad\u0131m. G\u00f6nder Nar Nar<\/p>","protected":false},"author":2,"featured_media":0,"parent":1012,"menu_order":0,"comment_status":"closed","ping_status":"closed","template":"","meta":{"footnotes":""},"class_list":["post-9549","page","type-page","status-publish","hentry"],"yoast_head":"<!-- This site is optimized with the Yoast SEO Premium plugin v22.5 (Yoast SEO v26.4) - https:\/\/yoast.com\/wordpress\/plugins\/seo\/ -->\n<title>Hicaz Nar\u0131 | Toptan Sat\u0131\u015f ve \u0130hracat\u0131 | Natur<\/title>\n<meta name=\"description\" content=\"T\u00fcrkiye&#039;nin en lezzetli Hicaz nar\u0131 ihracat\u0131 Natur g\u00fcvencesiyle d\u00fcnyaya sunuyoruz. Y\u00fcksek kalibre, uzun raf \u00f6mr\u00fc ve ihracata uygun profesyonel paketleme.\" \/>\n<meta name=\"robots\" content=\"index, follow, max-snippet:-1, max-image-preview:large, max-video-preview:-1\" \/>\n<link rel=\"canonical\" href=\"https:\/\/natur.net.tr\/en\/natur-urunleri\/hicaz-nari\/\" \/>\n<meta property=\"og:locale\" content=\"en_US\" \/>\n<meta property=\"og:type\" content=\"article\" \/>\n<meta property=\"og:title\" content=\"Nar\" \/>\n<meta property=\"og:description\" content=\"T\u00fcrkiye&#039;nin en lezzetli Hicaz nar\u0131 ihracat\u0131 Natur g\u00fcvencesiyle d\u00fcnyaya sunuyoruz. Y\u00fcksek kalibre, uzun raf \u00f6mr\u00fc ve ihracata uygun profesyonel paketleme.\" \/>\n<meta property=\"og:url\" content=\"https:\/\/natur.net.tr\/en\/natur-urunleri\/hicaz-nari\/\" \/>\n<meta property=\"og:site_name\" content=\"Natur Ya\u015f Sebze ve Meyve \u0130hracat | Domates\" \/>\n<meta property=\"article:modified_time\" content=\"2025-12-19T12:00:19+00:00\" \/>\n<meta property=\"og:image\" content=\"https:\/\/natur.net.tr\/wp-content\/uploads\/2025\/11\/Nar-576x740.jpg\" \/>\n<meta name=\"twitter:card\" content=\"summary_large_image\" \/>\n<meta name=\"twitter:label1\" content=\"Est. reading time\" \/>\n\t<meta name=\"twitter:data1\" content=\"1 minute\" \/>\n<script type=\"application\/ld+json\" class=\"yoast-schema-graph\">{\"@context\":\"https:\/\/schema.org\",\"@graph\":[{\"@type\":\"WebPage\",\"@id\":\"https:\/\/natur.net.tr\/natur-urunleri\/hicaz-nari\/\",\"url\":\"https:\/\/natur.net.tr\/natur-urunleri\/hicaz-nari\/\",\"name\":\"Hicaz Nar\u0131 | Toptan Sat\u0131\u015f ve \u0130hracat\u0131 | Natur\",\"isPartOf\":{\"@id\":\"https:\/\/natur.net.tr\/#website\"},\"primaryImageOfPage\":{\"@id\":\"https:\/\/natur.net.tr\/natur-urunleri\/hicaz-nari\/#primaryimage\"},\"image\":{\"@id\":\"https:\/\/natur.net.tr\/natur-urunleri\/hicaz-nari\/#primaryimage\"},\"thumbnailUrl\":\"https:\/\/natur.net.tr\/wp-content\/uploads\/2025\/11\/Nar-576x740.jpg\",\"datePublished\":\"2025-11-24T13:16:35+00:00\",\"dateModified\":\"2025-12-19T12:00:19+00:00\",\"description\":\"T\u00fcrkiye'nin en lezzetli Hicaz nar\u0131 ihracat\u0131 Natur g\u00fcvencesiyle d\u00fcnyaya sunuyoruz. Y\u00fcksek kalibre, uzun raf \u00f6mr\u00fc ve ihracata uygun profesyonel paketleme.\",\"breadcrumb\":{\"@id\":\"https:\/\/natur.net.tr\/natur-urunleri\/hicaz-nari\/#breadcrumb\"},\"inLanguage\":\"en-US\",\"potentialAction\":[{\"@type\":\"ReadAction\",\"target\":[\"https:\/\/natur.net.tr\/natur-urunleri\/hicaz-nari\/\"]}]},{\"@type\":\"ImageObject\",\"inLanguage\":\"en-US\",\"@id\":\"https:\/\/natur.net.tr\/natur-urunleri\/hicaz-nari\/#primaryimage\",\"url\":\"https:\/\/natur.net.tr\/wp-content\/uploads\/2025\/11\/Nar-576x740.jpg\",\"contentUrl\":\"https:\/\/natur.net.tr\/wp-content\/uploads\/2025\/11\/Nar-576x740.jpg\"},{\"@type\":\"BreadcrumbList\",\"@id\":\"https:\/\/natur.net.tr\/natur-urunleri\/hicaz-nari\/#breadcrumb\",\"itemListElement\":[{\"@type\":\"ListItem\",\"position\":1,\"name\":\"Anasayfa\",\"item\":\"https:\/\/natur.net.tr\/\"},{\"@type\":\"ListItem\",\"position\":2,\"name\":\"\u00dcr\u00fcnlerimiz\",\"item\":\"https:\/\/natur.net.tr\/natur-urunleri\/\"},{\"@type\":\"ListItem\",\"position\":3,\"name\":\"Nar\"}]},{\"@type\":\"WebSite\",\"@id\":\"https:\/\/natur.net.tr\/#website\",\"url\":\"https:\/\/natur.net.tr\/\",\"name\":\"Natur Ya\u015f Sebze ve Meyve \u00dcreticisi ve \u0130hracat\",\"description\":\"Topraktan D\u00fcnyaya, Sertifikal\u0131 Lezzet\",\"publisher\":{\"@id\":\"https:\/\/natur.net.tr\/#organization\"},\"potentialAction\":[{\"@type\":\"SearchAction\",\"target\":{\"@type\":\"EntryPoint\",\"urlTemplate\":\"https:\/\/natur.net.tr\/?s={search_term_string}\"},\"query-input\":{\"@type\":\"PropertyValueSpecification\",\"valueRequired\":true,\"valueName\":\"search_term_string\"}}],\"inLanguage\":\"en-US\"},{\"@type\":\"Organization\",\"@id\":\"https:\/\/natur.net.tr\/#organization\",\"name\":\"Natur Ya\u015f Sebze ve Meyve AS\",\"url\":\"https:\/\/natur.net.tr\/\",\"logo\":{\"@type\":\"ImageObject\",\"inLanguage\":\"en-US\",\"@id\":\"https:\/\/natur.net.tr\/#\/schema\/logo\/image\/\",\"url\":\"https:\/\/natur.net.tr\/wp-content\/uploads\/2025\/12\/cropped-natur-logo-e1766128456377.png\",\"contentUrl\":\"https:\/\/natur.net.tr\/wp-content\/uploads\/2025\/12\/cropped-natur-logo-e1766128456377.png\",\"width\":512,\"height\":512,\"caption\":\"Natur Ya\u015f Sebze ve Meyve AS\"},\"image\":{\"@id\":\"https:\/\/natur.net.tr\/#\/schema\/logo\/image\/\"}}]}<\/script>\n<!-- \/ Yoast SEO Premium plugin. -->","yoast_head_json":{"title":"Hicaz Nar\u0131 | Toptan Sat\u0131\u015f ve \u0130hracat\u0131 | Natur","description":"T\u00fcrkiye'nin en lezzetli Hicaz nar\u0131 ihracat\u0131 Natur g\u00fcvencesiyle d\u00fcnyaya sunuyoruz. Y\u00fcksek kalibre, uzun raf \u00f6mr\u00fc ve ihracata uygun profesyonel paketleme.","robots":{"index":"index","follow":"follow","max-snippet":"max-snippet:-1","max-image-preview":"max-image-preview:large","max-video-preview":"max-video-preview:-1"},"canonical":"https:\/\/natur.net.tr\/en\/natur-urunleri\/hicaz-nari\/","og_locale":"en_US","og_type":"article","og_title":"Nar","og_description":"T\u00fcrkiye'nin en lezzetli Hicaz nar\u0131 ihracat\u0131 Natur g\u00fcvencesiyle d\u00fcnyaya sunuyoruz. Y\u00fcksek kalibre, uzun raf \u00f6mr\u00fc ve ihracata uygun profesyonel paketleme.","og_url":"https:\/\/natur.net.tr\/en\/natur-urunleri\/hicaz-nari\/","og_site_name":"Natur Ya\u015f Sebze ve Meyve \u0130hracat | Domates","article_modified_time":"2025-12-19T12:00:19+00:00","og_image":[{"url":"https:\/\/natur.net.tr\/wp-content\/uploads\/2025\/11\/Nar-576x740.jpg","type":"","width":"","height":""}],"twitter_card":"summary_large_image","twitter_misc":{"Est. reading time":"1 minute"},"schema":{"@context":"https:\/\/schema.org","@graph":[{"@type":"WebPage","@id":"https:\/\/natur.net.tr\/natur-urunleri\/hicaz-nari\/","url":"https:\/\/natur.net.tr\/natur-urunleri\/hicaz-nari\/","name":"Hicaz Nar\u0131 | Toptan Sat\u0131\u015f ve \u0130hracat\u0131 | Natur","isPartOf":{"@id":"https:\/\/natur.net.tr\/#website"},"primaryImageOfPage":{"@id":"https:\/\/natur.net.tr\/natur-urunleri\/hicaz-nari\/#primaryimage"},"image":{"@id":"https:\/\/natur.net.tr\/natur-urunleri\/hicaz-nari\/#primaryimage"},"thumbnailUrl":"https:\/\/natur.net.tr\/wp-content\/uploads\/2025\/11\/Nar-576x740.jpg","datePublished":"2025-11-24T13:16:35+00:00","dateModified":"2025-12-19T12:00:19+00:00","description":"T\u00fcrkiye'nin en lezzetli Hicaz nar\u0131 ihracat\u0131 Natur g\u00fcvencesiyle d\u00fcnyaya sunuyoruz. Y\u00fcksek kalibre, uzun raf \u00f6mr\u00fc ve ihracata uygun profesyonel paketleme.","breadcrumb":{"@id":"https:\/\/natur.net.tr\/natur-urunleri\/hicaz-nari\/#breadcrumb"},"inLanguage":"en-US","potentialAction":[{"@type":"ReadAction","target":["https:\/\/natur.net.tr\/natur-urunleri\/hicaz-nari\/"]}]},{"@type":"ImageObject","inLanguage":"en-US","@id":"https:\/\/natur.net.tr\/natur-urunleri\/hicaz-nari\/#primaryimage","url":"https:\/\/natur.net.tr\/wp-content\/uploads\/2025\/11\/Nar-576x740.jpg","contentUrl":"https:\/\/natur.net.tr\/wp-content\/uploads\/2025\/11\/Nar-576x740.jpg"},{"@type":"BreadcrumbList","@id":"https:\/\/natur.net.tr\/natur-urunleri\/hicaz-nari\/#breadcrumb","itemListElement":[{"@type":"ListItem","position":1,"name":"Anasayfa","item":"https:\/\/natur.net.tr\/"},{"@type":"ListItem","position":2,"name":"\u00dcr\u00fcnlerimiz","item":"https:\/\/natur.net.tr\/natur-urunleri\/"},{"@type":"ListItem","position":3,"name":"Nar"}]},{"@type":"WebSite","@id":"https:\/\/natur.net.tr\/#website","url":"https:\/\/natur.net.tr\/","name":"Natur Ya\u015f Sebze ve Meyve \u00dcreticisi ve \u0130hracat","description":"Topraktan D\u00fcnyaya, Sertifikal\u0131 Lezzet","publisher":{"@id":"https:\/\/natur.net.tr\/#organization"},"potentialAction":[{"@type":"SearchAction","target":{"@type":"EntryPoint","urlTemplate":"https:\/\/natur.net.tr\/?s={search_term_string}"},"query-input":{"@type":"PropertyValueSpecification","valueRequired":true,"valueName":"search_term_string"}}],"inLanguage":"en-US"},{"@type":"Organization","@id":"https:\/\/natur.net.tr\/#organization","name":"Natur Ya\u015f Sebze ve Meyve AS","url":"https:\/\/natur.net.tr\/","logo":{"@type":"ImageObject","inLanguage":"en-US","@id":"https:\/\/natur.net.tr\/#\/schema\/logo\/image\/","url":"https:\/\/natur.net.tr\/wp-content\/uploads\/2025\/12\/cropped-natur-logo-e1766128456377.png","contentUrl":"https:\/\/natur.net.tr\/wp-content\/uploads\/2025\/12\/cropped-natur-logo-e1766128456377.png","width":512,"height":512,"caption":"Natur Ya\u015f Sebze ve Meyve AS"},"image":{"@id":"https:\/\/natur.net.tr\/#\/schema\/logo\/image\/"}}]}},"_hostinger_reach_plugin_has_subscription_block":false,"_hostinger_reach_plugin_is_elementor":false,"_links":{"self":[{"href":"https:\/\/natur.net.tr\/en\/wp-json\/wp\/v2\/pages\/9549","targetHints":{"allow":["GET"]}}],"collection":[{"href":"https:\/\/natur.net.tr\/en\/wp-json\/wp\/v2\/pages"}],"about":[{"href":"https:\/\/natur.net.tr\/en\/wp-json\/wp\/v2\/types\/page"}],"author":[{"embeddable":true,"href":"https:\/\/natur.net.tr\/en\/wp-json\/wp\/v2\/users\/2"}],"replies":[{"embeddable":true,"href":"https:\/\/natur.net.tr\/en\/wp-json\/wp\/v2\/comments?post=9549"}],"version-history":[{"count":0,"href":"https:\/\/natur.net.tr\/en\/wp-json\/wp\/v2\/pages\/9549\/revisions"}],"up":[{"embeddable":true,"href":"https:\/\/natur.net.tr\/en\/wp-json\/wp\/v2\/pages\/1012"}],"wp:attachment":[{"href":"https:\/\/natur.net.tr\/en\/wp-json\/wp\/v2\/media?parent=9549"}],"curies":[{"name":"wp","href":"https:\/\/api.w.org\/{rel}","templated":true}]}}