{"id":10165,"date":"2025-12-13T06:55:41","date_gmt":"2025-12-13T06:55:41","guid":{"rendered":"https:\/\/natur.net.tr\/?page_id=10165"},"modified":"2025-12-13T07:01:41","modified_gmt":"2025-12-13T07:01:41","slug":"gizlilik-politikasi","status":"publish","type":"page","link":"https:\/\/natur.net.tr\/en\/gizlilik-politikasi\/","title":{"rendered":"Privacy Policy"},"content":{"rendered":"<div data-elementor-type=\"wp-page\" data-elementor-id=\"10165\" class=\"elementor elementor-10165\" data-elementor-post-type=\"page\">\n\t\t\t\t<div class=\"elementor-element elementor-element-abebd16 e-flex e-con-boxed e-con e-parent\" data-id=\"abebd16\" data-element_type=\"container\">\t\t\t<div class=\"e-con-inner\">\r\n\t\t\t\t<div class=\"elementor-element elementor-element-a2442a7 elementor-widget elementor-widget-text-editor\" data-id=\"a2442a7\" data-element_type=\"widget\" data-widget_type=\"text-editor.default\">\n\t\t\t\t\t\t\t\t\t<p data-path-to-node=\"5\"><b>Natur<\/b> olarak, <b>natur.net.tr<\/b> web sitesini ziyaret eden kullan\u0131c\u0131lar\u0131m\u0131z\u0131n gizlili\u011fini korumak \u00f6nceli\u011fimizdir. Bu Gizlilik Politikas\u0131; web sitemiz \u00fczerinden toplanan verilerin t\u00fcrlerini, bu verilerin nas\u0131l kullan\u0131ld\u0131\u011f\u0131n\u0131, korundu\u011funu ve haklar\u0131n\u0131z\u0131 a\u00e7\u0131klamaktad\u0131r.<br \/><br \/><\/p><h2 data-path-to-node=\"6\">1. Toplanan Bilgiler<\/h2><p data-path-to-node=\"7\">Web sitemizi ziyaret etti\u011finizde veya hizmetlerimizden yararland\u0131\u011f\u0131n\u0131zda a\u015fa\u011f\u0131daki bilgiler toplanabilir:<br \/><br \/><\/p><ul><li data-path-to-node=\"8,0,0\"><b>Ki\u015fisel Bilgiler:<\/b> \u0130leti\u015fim formlar\u0131n\u0131 doldurarak veya e-posta b\u00fcltenine kay\u0131t olarak bize kendi r\u0131zan\u0131zla iletti\u011finiz ad, soyad, e-posta adresi, telefon numaras\u0131 gibi bilgiler.<\/li><li data-path-to-node=\"8,1,0\"><b>Log Verileri:<\/b> Sitemizi ziyaret etti\u011finizde sunucular\u0131m\u0131z taraf\u0131ndan otomatik olarak kaydedilen IP adresi, taray\u0131c\u0131 t\u00fcr\u00fc, i\u015fletim sistemi, ziyaret saati ve g\u00f6r\u00fcnt\u00fclenen sayfalar gibi teknik veriler.<\/li><li data-path-to-node=\"8,2,0\"><b>\u00c7erezler (Cookies):<\/b> Site deneyimini iyile\u015ftirmek ve tercihlerinizi hat\u0131rlamak amac\u0131yla kullan\u0131lan k\u00fc\u00e7\u00fck veri dosyalar\u0131.<\/li><\/ul><h2 data-path-to-node=\"9\">2. Bilgilerin Kullan\u0131m\u0131<\/h2><p data-path-to-node=\"10\">Toplad\u0131\u011f\u0131m\u0131z bilgiler \u015fu ama\u00e7larla kullan\u0131lmaktad\u0131r:<\/p><ul><li data-path-to-node=\"11,0,0\">Web sitesinin i\u015flevselli\u011fini sa\u011flamak ve kullan\u0131c\u0131 deneyimini iyile\u015ftirmek,<\/li><li data-path-to-node=\"11,1,0\">Sizden gelen talep ve sorular\u0131 yan\u0131tlamak,<\/li><li data-path-to-node=\"11,2,0\">Hizmetlerimiz hakk\u0131nda bilgilendirme yapmak (izniniz dahilinde),<\/li><li data-path-to-node=\"11,3,0\">Sitenin g\u00fcvenli\u011fini sa\u011flamak ve olas\u0131 doland\u0131r\u0131c\u0131l\u0131k faaliyetlerini \u00f6nlemek,<\/li><li data-path-to-node=\"11,4,0\">Yasal y\u00fck\u00fcml\u00fcl\u00fckleri yerine getirmek.<\/li><\/ul><h2 data-path-to-node=\"12\">3. Bilgi G\u00fcvenli\u011fi<\/h2><p data-path-to-node=\"13\">Ki\u015fisel verilerinizin g\u00fcvenli\u011fi bizim i\u00e7in son derece \u00f6nemlidir. <b>natur.net.tr<\/b>, bilgilerinizi yetkisiz eri\u015fime, kullan\u0131ma veya if\u015faya kar\u015f\u0131 korumak i\u00e7in end\u00fcstri standard\u0131 g\u00fcvenlik \u00f6nlemleri (SSL sertifikas\u0131, g\u00fcvenlik duvarlar\u0131 vb.) kullanmaktad\u0131r. Ancak, internet \u00fczerinden yap\u0131lan hi\u00e7bir veri iletiminin %100 g\u00fcvenli garanti edilemeyece\u011fini hat\u0131rlat\u0131r\u0131z.<br \/><br \/><\/p><h2 data-path-to-node=\"14\">4. Bilgilerin \u00dc\u00e7\u00fcnc\u00fc Taraflarla Payla\u015f\u0131lmas\u0131<\/h2><p data-path-to-node=\"15\">Ki\u015fisel bilgileriniz, yasal zorunluluklar (mahkeme kararlar\u0131 vb.) veya hizmetin ifas\u0131 i\u00e7in zorunlu olan durumlar (teknik altyap\u0131 sa\u011flay\u0131c\u0131lar) d\u0131\u015f\u0131nda \u00fc\u00e7\u00fcnc\u00fc \u015fah\u0131slara sat\u0131lmaz, kiralanmaz veya ticari ama\u00e7larla payla\u015f\u0131lmaz.<br \/><br \/><\/p><h2 data-path-to-node=\"16\">5. D\u0131\u015f Ba\u011flant\u0131lar<\/h2><p data-path-to-node=\"17\">Web sitemiz, \u00fc\u00e7\u00fcnc\u00fc taraf web sitelerine ba\u011flant\u0131lar i\u00e7erebilir. Bu ba\u011flant\u0131lara t\u0131klad\u0131\u011f\u0131n\u0131zda <b>natur.net.tr<\/b> alan ad\u0131ndan ayr\u0131lm\u0131\u015f olursunuz. Ziyaret etti\u011finiz di\u011fer sitelerin gizlilik politikalar\u0131ndan ve i\u00e7eriklerinden \u015eirketimiz sorumlu de\u011fildir.<br \/><br \/><\/p><h2 data-path-to-node=\"18\">6. \u00c7erezler (Cookies)<\/h2><p data-path-to-node=\"19\">Web sitemizde, trafi\u011fi analiz etmek ve size daha iyi bir hizmet sunmak i\u00e7in \u00e7erezler kullan\u0131lmaktad\u0131r. Taray\u0131c\u0131 ayarlar\u0131n\u0131zdan \u00e7erez kullan\u0131m\u0131n\u0131 diledi\u011finiz zaman engelleyebilir veya silebilirsiniz. Ancak bu durumda sitenin baz\u0131 \u00f6zellikleri tam olarak \u00e7al\u0131\u015fmayabilir.<br \/><br \/><\/p><h2 data-path-to-node=\"20\">7. Politikadaki De\u011fi\u015fiklikler<\/h2><p data-path-to-node=\"21\">\u015eirketimiz, bu Gizlilik Politikas\u0131&#8217;n\u0131 yasal d\u00fczenlemeler veya hizmet gereklilikleri do\u011frultusunda g\u00fcncelleme hakk\u0131n\u0131 sakl\u0131 tutar. Yap\u0131lan de\u011fi\u015fiklikler bu sayfada yay\u0131nland\u0131\u011f\u0131 tarihte y\u00fcr\u00fcrl\u00fc\u011fe girer.<br \/><br \/><\/p><h2 data-path-to-node=\"22\">8. \u0130leti\u015fim<\/h2><p data-path-to-node=\"23\">Bu Gizlilik Politikas\u0131 ile ilgili her t\u00fcrl\u00fc soru, g\u00f6r\u00fc\u015f ve \u00f6nerileriniz i\u00e7in bizimle ileti\u015fime ge\u00e7ebilirsiniz:<br \/><br \/><\/p><ul><li data-path-to-node=\"24,1,0\"><b>Adres:<\/b> Mithatpa\u015fa Mah. Belediye Cad. No: 106 D:201 Salihli, Manisa, T\u00fcrkiye<\/li><li data-path-to-node=\"24,2,0\"><b>E-Posta:<\/b> <a href=\"mailto:mail@natur.net.tr\">mail@natur.net.tr<\/a><\/li><li data-path-to-node=\"24,3,0\"><b>Phone: <a href=\"tel:+90 532 449 03 62\">0 532 449 03 62\u00a0<\/a><\/b><\/li><li data-path-to-node=\"24,3,0\"><strong>Phone: <a href=\"tel:+90 532 522 03 43\">0 532 522 03 43<\/a><\/strong><div class=\"elementor-element elementor-element-5c48a0b elementor-widget elementor-widget-pxl_text_editor\" data-id=\"5c48a0b\" data-element_type=\"widget\" data-widget_type=\"pxl_text_editor.default\">\u00a0<\/div><\/li><\/ul>\t\t\t\t\t\t\t\t<\/div>\n\t\t\t\t\t<\/div>\r\n\t\t\t\t<\/div>\r\n\t\t\t\t<\/div>","protected":false},"excerpt":{"rendered":"<p>Natur olarak, natur.net.tr web sitesini ziyaret eden kullan\u0131c\u0131lar\u0131m\u0131z\u0131n gizlili\u011fini korumak \u00f6nceli\u011fimizdir. Bu Gizlilik Politikas\u0131; web sitemiz \u00fczerinden toplanan verilerin t\u00fcrlerini, bu verilerin nas\u0131l kullan\u0131ld\u0131\u011f\u0131n\u0131, korundu\u011funu ve haklar\u0131n\u0131z\u0131 a\u00e7\u0131klamaktad\u0131r. 1. Toplanan Bilgiler Web sitemizi ziyaret etti\u011finizde veya hizmetlerimizden yararland\u0131\u011f\u0131n\u0131zda a\u015fa\u011f\u0131daki bilgiler toplanabilir: Ki\u015fisel Bilgiler: \u0130leti\u015fim formlar\u0131n\u0131 doldurarak veya e-posta b\u00fcltenine kay\u0131t olarak bize kendi r\u0131zan\u0131zla iletti\u011finiz [&hellip;]<\/p>","protected":false},"author":2,"featured_media":0,"parent":0,"menu_order":0,"comment_status":"closed","ping_status":"closed","template":"","meta":{"footnotes":""},"class_list":["post-10165","page","type-page","status-publish","hentry"],"yoast_head":"<!-- This site is optimized with the Yoast SEO Premium plugin v22.5 (Yoast SEO v26.4) - https:\/\/yoast.com\/wordpress\/plugins\/seo\/ -->\n<title>Gizlilik Politikas\u0131 - Natur Ya\u015f Sebze ve Meyve \u0130hracat | Domates<\/title>\n<meta name=\"robots\" content=\"index, follow, max-snippet:-1, max-image-preview:large, max-video-preview:-1\" \/>\n<link rel=\"canonical\" href=\"https:\/\/natur.net.tr\/en\/gizlilik-politikasi\/\" \/>\n<meta property=\"og:locale\" content=\"en_US\" \/>\n<meta property=\"og:type\" content=\"article\" \/>\n<meta property=\"og:title\" content=\"Gizlilik Politikas\u0131\" \/>\n<meta property=\"og:description\" content=\"Natur olarak, natur.net.tr web sitesini ziyaret eden kullan\u0131c\u0131lar\u0131m\u0131z\u0131n gizlili\u011fini korumak \u00f6nceli\u011fimizdir. Bu Gizlilik Politikas\u0131; web sitemiz \u00fczerinden toplanan verilerin t\u00fcrlerini, bu verilerin nas\u0131l kullan\u0131ld\u0131\u011f\u0131n\u0131, korundu\u011funu ve haklar\u0131n\u0131z\u0131 a\u00e7\u0131klamaktad\u0131r. 1. Toplanan Bilgiler Web sitemizi ziyaret etti\u011finizde veya hizmetlerimizden yararland\u0131\u011f\u0131n\u0131zda a\u015fa\u011f\u0131daki bilgiler toplanabilir: Ki\u015fisel Bilgiler: \u0130leti\u015fim formlar\u0131n\u0131 doldurarak veya e-posta b\u00fcltenine kay\u0131t olarak bize kendi r\u0131zan\u0131zla iletti\u011finiz [&hellip;]\" \/>\n<meta property=\"og:url\" content=\"https:\/\/natur.net.tr\/en\/gizlilik-politikasi\/\" \/>\n<meta property=\"og:site_name\" content=\"Natur Ya\u015f Sebze ve Meyve \u0130hracat | Domates\" \/>\n<meta property=\"article:modified_time\" content=\"2025-12-13T07:01:41+00:00\" \/>\n<meta property=\"og:image\" content=\"https:\/\/natur.net.tr\/wp-content\/uploads\/2025\/11\/2.jpg\" \/>\n\t<meta property=\"og:image:width\" content=\"1920\" \/>\n\t<meta property=\"og:image:height\" content=\"1080\" \/>\n\t<meta property=\"og:image:type\" content=\"image\/jpeg\" \/>\n<meta name=\"twitter:card\" content=\"summary_large_image\" \/>\n<script type=\"application\/ld+json\" class=\"yoast-schema-graph\">{\"@context\":\"https:\/\/schema.org\",\"@graph\":[{\"@type\":\"WebPage\",\"@id\":\"https:\/\/natur.net.tr\/gizlilik-politikasi\/\",\"url\":\"https:\/\/natur.net.tr\/gizlilik-politikasi\/\",\"name\":\"Gizlilik Politikas\u0131 - Natur Ya\u015f Sebze ve Meyve \u0130hracat | Domates\",\"isPartOf\":{\"@id\":\"https:\/\/natur.net.tr\/#website\"},\"datePublished\":\"2025-12-13T06:55:41+00:00\",\"dateModified\":\"2025-12-13T07:01:41+00:00\",\"breadcrumb\":{\"@id\":\"https:\/\/natur.net.tr\/gizlilik-politikasi\/#breadcrumb\"},\"inLanguage\":\"en-US\",\"potentialAction\":[{\"@type\":\"ReadAction\",\"target\":[\"https:\/\/natur.net.tr\/gizlilik-politikasi\/\"]}]},{\"@type\":\"BreadcrumbList\",\"@id\":\"https:\/\/natur.net.tr\/gizlilik-politikasi\/#breadcrumb\",\"itemListElement\":[{\"@type\":\"ListItem\",\"position\":1,\"name\":\"Anasayfa\",\"item\":\"https:\/\/natur.net.tr\/\"},{\"@type\":\"ListItem\",\"position\":2,\"name\":\"Gizlilik Politikas\u0131\"}]},{\"@type\":\"WebSite\",\"@id\":\"https:\/\/natur.net.tr\/#website\",\"url\":\"https:\/\/natur.net.tr\/\",\"name\":\"Natur Ya\u015f Sebze ve Meyve \u00dcreticisi ve \u0130hracat\",\"description\":\"Topraktan D\u00fcnyaya, Sertifikal\u0131 Lezzet\",\"publisher\":{\"@id\":\"https:\/\/natur.net.tr\/#organization\"},\"potentialAction\":[{\"@type\":\"SearchAction\",\"target\":{\"@type\":\"EntryPoint\",\"urlTemplate\":\"https:\/\/natur.net.tr\/?s={search_term_string}\"},\"query-input\":{\"@type\":\"PropertyValueSpecification\",\"valueRequired\":true,\"valueName\":\"search_term_string\"}}],\"inLanguage\":\"en-US\"},{\"@type\":\"Organization\",\"@id\":\"https:\/\/natur.net.tr\/#organization\",\"name\":\"Natur Ya\u015f Sebze ve Meyve AS\",\"url\":\"https:\/\/natur.net.tr\/\",\"logo\":{\"@type\":\"ImageObject\",\"inLanguage\":\"en-US\",\"@id\":\"https:\/\/natur.net.tr\/#\/schema\/logo\/image\/\",\"url\":\"https:\/\/natur.net.tr\/wp-content\/uploads\/2025\/12\/cropped-natur-logo-e1766128456377.png\",\"contentUrl\":\"https:\/\/natur.net.tr\/wp-content\/uploads\/2025\/12\/cropped-natur-logo-e1766128456377.png\",\"width\":512,\"height\":512,\"caption\":\"Natur Ya\u015f Sebze ve Meyve AS\"},\"image\":{\"@id\":\"https:\/\/natur.net.tr\/#\/schema\/logo\/image\/\"}}]}<\/script>\n<!-- \/ Yoast SEO Premium plugin. -->","yoast_head_json":{"title":"Gizlilik Politikas\u0131 - Natur Ya\u015f Sebze ve Meyve \u0130hracat | Domates","robots":{"index":"index","follow":"follow","max-snippet":"max-snippet:-1","max-image-preview":"max-image-preview:large","max-video-preview":"max-video-preview:-1"},"canonical":"https:\/\/natur.net.tr\/en\/gizlilik-politikasi\/","og_locale":"en_US","og_type":"article","og_title":"Gizlilik Politikas\u0131","og_description":"Natur olarak, natur.net.tr web sitesini ziyaret eden kullan\u0131c\u0131lar\u0131m\u0131z\u0131n gizlili\u011fini korumak \u00f6nceli\u011fimizdir. Bu Gizlilik Politikas\u0131; web sitemiz \u00fczerinden toplanan verilerin t\u00fcrlerini, bu verilerin nas\u0131l kullan\u0131ld\u0131\u011f\u0131n\u0131, korundu\u011funu ve haklar\u0131n\u0131z\u0131 a\u00e7\u0131klamaktad\u0131r. 1. Toplanan Bilgiler Web sitemizi ziyaret etti\u011finizde veya hizmetlerimizden yararland\u0131\u011f\u0131n\u0131zda a\u015fa\u011f\u0131daki bilgiler toplanabilir: Ki\u015fisel Bilgiler: \u0130leti\u015fim formlar\u0131n\u0131 doldurarak veya e-posta b\u00fcltenine kay\u0131t olarak bize kendi r\u0131zan\u0131zla iletti\u011finiz [&hellip;]","og_url":"https:\/\/natur.net.tr\/en\/gizlilik-politikasi\/","og_site_name":"Natur Ya\u015f Sebze ve Meyve \u0130hracat | Domates","article_modified_time":"2025-12-13T07:01:41+00:00","og_image":[{"width":1920,"height":1080,"url":"https:\/\/natur.net.tr\/wp-content\/uploads\/2025\/11\/2.jpg","type":"image\/jpeg"}],"twitter_card":"summary_large_image","schema":{"@context":"https:\/\/schema.org","@graph":[{"@type":"WebPage","@id":"https:\/\/natur.net.tr\/gizlilik-politikasi\/","url":"https:\/\/natur.net.tr\/gizlilik-politikasi\/","name":"Gizlilik Politikas\u0131 - Natur Ya\u015f Sebze ve Meyve \u0130hracat | Domates","isPartOf":{"@id":"https:\/\/natur.net.tr\/#website"},"datePublished":"2025-12-13T06:55:41+00:00","dateModified":"2025-12-13T07:01:41+00:00","breadcrumb":{"@id":"https:\/\/natur.net.tr\/gizlilik-politikasi\/#breadcrumb"},"inLanguage":"en-US","potentialAction":[{"@type":"ReadAction","target":["https:\/\/natur.net.tr\/gizlilik-politikasi\/"]}]},{"@type":"BreadcrumbList","@id":"https:\/\/natur.net.tr\/gizlilik-politikasi\/#breadcrumb","itemListElement":[{"@type":"ListItem","position":1,"name":"Anasayfa","item":"https:\/\/natur.net.tr\/"},{"@type":"ListItem","position":2,"name":"Gizlilik Politikas\u0131"}]},{"@type":"WebSite","@id":"https:\/\/natur.net.tr\/#website","url":"https:\/\/natur.net.tr\/","name":"Natur Ya\u015f Sebze ve Meyve \u00dcreticisi ve \u0130hracat","description":"Topraktan D\u00fcnyaya, Sertifikal\u0131 Lezzet","publisher":{"@id":"https:\/\/natur.net.tr\/#organization"},"potentialAction":[{"@type":"SearchAction","target":{"@type":"EntryPoint","urlTemplate":"https:\/\/natur.net.tr\/?s={search_term_string}"},"query-input":{"@type":"PropertyValueSpecification","valueRequired":true,"valueName":"search_term_string"}}],"inLanguage":"en-US"},{"@type":"Organization","@id":"https:\/\/natur.net.tr\/#organization","name":"Natur Ya\u015f Sebze ve Meyve AS","url":"https:\/\/natur.net.tr\/","logo":{"@type":"ImageObject","inLanguage":"en-US","@id":"https:\/\/natur.net.tr\/#\/schema\/logo\/image\/","url":"https:\/\/natur.net.tr\/wp-content\/uploads\/2025\/12\/cropped-natur-logo-e1766128456377.png","contentUrl":"https:\/\/natur.net.tr\/wp-content\/uploads\/2025\/12\/cropped-natur-logo-e1766128456377.png","width":512,"height":512,"caption":"Natur Ya\u015f Sebze ve Meyve AS"},"image":{"@id":"https:\/\/natur.net.tr\/#\/schema\/logo\/image\/"}}]}},"_hostinger_reach_plugin_has_subscription_block":false,"_hostinger_reach_plugin_is_elementor":false,"_links":{"self":[{"href":"https:\/\/natur.net.tr\/en\/wp-json\/wp\/v2\/pages\/10165","targetHints":{"allow":["GET"]}}],"collection":[{"href":"https:\/\/natur.net.tr\/en\/wp-json\/wp\/v2\/pages"}],"about":[{"href":"https:\/\/natur.net.tr\/en\/wp-json\/wp\/v2\/types\/page"}],"author":[{"embeddable":true,"href":"https:\/\/natur.net.tr\/en\/wp-json\/wp\/v2\/users\/2"}],"replies":[{"embeddable":true,"href":"https:\/\/natur.net.tr\/en\/wp-json\/wp\/v2\/comments?post=10165"}],"version-history":[{"count":0,"href":"https:\/\/natur.net.tr\/en\/wp-json\/wp\/v2\/pages\/10165\/revisions"}],"wp:attachment":[{"href":"https:\/\/natur.net.tr\/en\/wp-json\/wp\/v2\/media?parent=10165"}],"curies":[{"name":"wp","href":"https:\/\/api.w.org\/{rel}","templated":true}]}}