{"id":10150,"date":"2025-12-13T06:31:24","date_gmt":"2025-12-13T06:31:24","guid":{"rendered":"https:\/\/natur.net.tr\/?page_id=10150"},"modified":"2025-12-13T06:36:45","modified_gmt":"2025-12-13T06:36:45","slug":"kvkk-metni","status":"publish","type":"page","link":"https:\/\/natur.net.tr\/en\/kvkk-metni\/","title":{"rendered":"KVKK Text"},"content":{"rendered":"<div data-elementor-type=\"wp-page\" data-elementor-id=\"10150\" class=\"elementor elementor-10150\" data-elementor-post-type=\"page\">\n\t\t\t\t<div class=\"elementor-element elementor-element-689b390 e-flex e-con-boxed e-con e-parent\" data-id=\"689b390\" data-element_type=\"container\">\t\t\t<div class=\"e-con-inner\">\r\n\t\t\t\t<div class=\"elementor-element elementor-element-4aea9d9 elementor-widget elementor-widget-text-editor\" data-id=\"4aea9d9\" data-element_type=\"widget\" data-widget_type=\"text-editor.default\">\n\t\t\t\t\t\t\t\t\t<p data-path-to-node=\"5\"><b>Natur<\/b>\u00a0olarak, <b>natur.net.tr<\/b> web sitesi ziyaret\u00e7ilerimizin, m\u00fc\u015fterilerimizin ve i\u015f ortaklar\u0131m\u0131z\u0131n ki\u015fisel verilerinin g\u00fcvenli\u011fine b\u00fcy\u00fck \u00f6nem vermekteyiz. 6698 say\u0131l\u0131 Ki\u015fisel Verilerin Korunmas\u0131 Kanunu (&#8220;KVKK&#8221;) kapsam\u0131nda &#8220;Veri Sorumlusu&#8221; s\u0131fat\u0131yla, ki\u015fisel verilerinizi a\u015fa\u011f\u0131da a\u00e7\u0131klanan \u00e7er\u00e7evede i\u015flemekteyiz.<br \/><br \/><\/p><h2 data-path-to-node=\"6\">1. Veri Sorumlusu<\/h2><p data-path-to-node=\"7\">Ki\u015fisel verileriniz; natur.net.tr taraf\u0131ndan, veri sorumlusu s\u0131fat\u0131yla a\u015fa\u011f\u0131da belirtilen kapsamda i\u015flenebilecektir.<br \/><br \/><\/p><h2 data-path-to-node=\"8\">2. Ki\u015fisel Verilerin Hangi Ama\u00e7la \u0130\u015flenece\u011fi<\/h2><p data-path-to-node=\"9\">Toplanan ki\u015fisel verileriniz (Ad, soyad, e-posta adresi, telefon numaras\u0131, IP adresi ve ileti\u015fim formunda belirtti\u011finiz di\u011fer bilgiler);<\/p><ul><li data-path-to-node=\"10,0,0\">\u015eirketimiz taraf\u0131ndan sunulan \u00fcr\u00fcn ve hizmetlerden sizleri faydaland\u0131rmak i\u00e7in gerekli \u00e7al\u0131\u015fmalar\u0131n i\u015f birimlerimiz taraf\u0131ndan yap\u0131lmas\u0131,<\/li><li data-path-to-node=\"10,1,0\">\u015eirketimiz ile i\u015f ili\u015fkisi i\u00e7erisinde olan ilgili ki\u015filerin hukuki, teknik ve ticari-i\u015f g\u00fcvenli\u011finin temini,<\/li><li data-path-to-node=\"10,2,0\">Web sitemiz \u00fczerinden gelen talep, \u015fikayet ve \u00f6nerilerin de\u011ferlendirilmesi ve cevaplanmas\u0131,<\/li><li data-path-to-node=\"10,3,0\">\u0130leti\u015fim faaliyetlerinin y\u00fcr\u00fct\u00fclmesi,<\/li><li data-path-to-node=\"10,4,0\">Yasal y\u00fck\u00fcml\u00fcl\u00fcklerin yerine getirilmesi (\u00d6rn: Yetkili kurumlara bilgi verilmesi),<\/li><li data-path-to-node=\"10,5,0\">Hizmet kalitesinin art\u0131r\u0131lmas\u0131 ve site deneyiminin iyile\u015ftirilmesi,<\/li><\/ul><p data-path-to-node=\"11\">ama\u00e7lar\u0131yla KVKK\u2019n\u0131n 5. ve 6. maddelerinde belirtilen ki\u015fisel veri i\u015fleme \u015fartlar\u0131 ve ama\u00e7lar\u0131 dahilinde i\u015flenecektir.<br \/><br \/><\/p><h2 data-path-to-node=\"12\">3. \u0130\u015flenen Ki\u015fisel Verilerin Kimlere ve Hangi Ama\u00e7la Aktar\u0131labilece\u011fi<\/h2><p data-path-to-node=\"13\">Ki\u015fisel verileriniz; yukar\u0131da belirtilen ama\u00e7lar\u0131n ger\u00e7ekle\u015ftirilmesi do\u011frultusunda; i\u015f ortaklar\u0131m\u0131za, tedarik\u00e7ilerimize (web bar\u0131nd\u0131rma firmalar\u0131, kargo firmalar\u0131 vb.), kanunen yetkili kamu kurumlar\u0131na ve \u00f6zel ki\u015filere, KVKK\u2019n\u0131n 8. ve 9. maddelerinde belirtilen ki\u015fisel veri i\u015fleme \u015fartlar\u0131 ve ama\u00e7lar\u0131 \u00e7er\u00e7evesinde aktar\u0131labilecektir.<br \/><br \/><\/p><h2 data-path-to-node=\"14\">4. Ki\u015fisel Veri Toplaman\u0131n Y\u00f6ntemi ve Hukuki Sebebi<\/h2><p data-path-to-node=\"15\">Ki\u015fisel verileriniz, <b>natur.net.tr<\/b> internet sitesi, ileti\u015fim formlar\u0131, e-posta veya \u00e7erezler (cookies) kanal\u0131yla elektronik ortamda toplanmaktad\u0131r. Bu veriler; &#8220;s\u00f6zle\u015fmenin kurulmas\u0131 veya ifas\u0131yla do\u011frudan do\u011fruya ilgili olmas\u0131&#8221;, &#8220;veri sorumlusunun hukuki y\u00fck\u00fcml\u00fcl\u00fc\u011f\u00fcn\u00fc yerine getirebilmesi&#8221; ve &#8220;ilgili ki\u015finin temel hak ve \u00f6zg\u00fcrl\u00fcklerine zarar vermemek kayd\u0131yla, veri sorumlusunun me\u015fru menfaatleri i\u00e7in veri i\u015flenmesinin zorunlu olmas\u0131&#8221; hukuki sebeplerine dayanarak toplanmaktad\u0131r.<br \/><br \/><\/p><h2 data-path-to-node=\"16\">5. Ki\u015fisel Veri Sahibinin Haklar\u0131 (Madde 11)<\/h2><p data-path-to-node=\"17\">KVKK\u2019n\u0131n 11. maddesi uyar\u0131nca veri sahipleri olarak a\u015fa\u011f\u0131daki haklara sahipsiniz:<\/p><ul><li data-path-to-node=\"18,0,0\">Ki\u015fisel veri i\u015flenip i\u015flenmedi\u011fini \u00f6\u011frenme,<\/li><li data-path-to-node=\"18,1,0\">Ki\u015fisel verileri i\u015flenmi\u015fse buna ili\u015fkin bilgi talep etme,<\/li><li data-path-to-node=\"18,2,0\">Ki\u015fisel verilerin i\u015flenme amac\u0131n\u0131 ve bunlar\u0131n amac\u0131na uygun kullan\u0131l\u0131p kullan\u0131lmad\u0131\u011f\u0131n\u0131 \u00f6\u011frenme,<\/li><li data-path-to-node=\"18,3,0\">Yurt i\u00e7inde veya yurt d\u0131\u015f\u0131nda ki\u015fisel verilerin aktar\u0131ld\u0131\u011f\u0131 \u00fc\u00e7\u00fcnc\u00fc ki\u015fileri bilme,<\/li><li data-path-to-node=\"18,4,0\">Ki\u015fisel verilerin eksik veya yanl\u0131\u015f i\u015flenmi\u015f olmas\u0131 h\u00e2linde bunlar\u0131n d\u00fczeltilmesini isteme,<\/li><li data-path-to-node=\"18,5,0\">KVKK\u2019n\u0131n 7. maddesinde \u00f6ng\u00f6r\u00fclen \u015fartlar \u00e7er\u00e7evesinde ki\u015fisel verilerin silinmesini veya yok edilmesini isteme,<\/li><li data-path-to-node=\"18,6,0\">\u0130\u015flenen verilerin m\u00fcnhas\u0131ran otomatik sistemler vas\u0131tas\u0131yla analiz edilmesi suretiyle ki\u015finin kendisi aleyhine bir sonucun ortaya \u00e7\u0131kmas\u0131na itiraz etme,<\/li><li data-path-to-node=\"18,7,0\">Ki\u015fisel verilerin kanuna ayk\u0131r\u0131 olarak i\u015flenmesi sebebiyle zarara u\u011framas\u0131 h\u00e2linde zarar\u0131n giderilmesini talep etme.<\/li><\/ul><h2 data-path-to-node=\"19\">6. \u0130leti\u015fim<\/h2><p data-path-to-node=\"20\">KVKK kapsam\u0131ndaki haklar\u0131n\u0131z\u0131 kullanmakla ilgili taleplerinizi, Mithat Pa\u015fa Mah. Belediye Cad. No: 106 D:201 Salihli, Manisa, T\u00fcrkiye\u00a0adresine yaz\u0131l\u0131 olarak veya <b>mail@natur.net.tr<\/b>\u00a0e-posta adresine g\u00fcvenli elektronik imza, mobil imza ya da daha \u00f6nce taraf\u0131m\u0131za bildirdi\u011finiz ve sistemimizde kay\u0131tl\u0131 bulunan e-posta adresiniz vas\u0131tas\u0131yla iletebilirsiniz.<\/p>\t\t\t\t\t\t\t\t<\/div>\n\t\t\t\t\t<\/div>\r\n\t\t\t\t<\/div>\r\n\t\t\t\t<\/div>","protected":false},"excerpt":{"rendered":"<p>Natur\u00a0olarak, natur.net.tr web sitesi ziyaret\u00e7ilerimizin, m\u00fc\u015fterilerimizin ve i\u015f ortaklar\u0131m\u0131z\u0131n ki\u015fisel verilerinin g\u00fcvenli\u011fine b\u00fcy\u00fck \u00f6nem vermekteyiz. 6698 say\u0131l\u0131 Ki\u015fisel Verilerin Korunmas\u0131 Kanunu (&#8220;KVKK&#8221;) kapsam\u0131nda &#8220;Veri Sorumlusu&#8221; s\u0131fat\u0131yla, ki\u015fisel verilerinizi a\u015fa\u011f\u0131da a\u00e7\u0131klanan \u00e7er\u00e7evede i\u015flemekteyiz. 1. Veri Sorumlusu Ki\u015fisel verileriniz; natur.net.tr taraf\u0131ndan, veri sorumlusu s\u0131fat\u0131yla a\u015fa\u011f\u0131da belirtilen kapsamda i\u015flenebilecektir. 2. Ki\u015fisel Verilerin Hangi Ama\u00e7la \u0130\u015flenece\u011fi Toplanan ki\u015fisel verileriniz [&hellip;]<\/p>","protected":false},"author":2,"featured_media":0,"parent":0,"menu_order":0,"comment_status":"closed","ping_status":"closed","template":"","meta":{"footnotes":""},"class_list":["post-10150","page","type-page","status-publish","hentry"],"yoast_head":"<!-- This site is optimized with the Yoast SEO Premium plugin v22.5 (Yoast SEO v26.4) - https:\/\/yoast.com\/wordpress\/plugins\/seo\/ -->\n<title>KVKK Metni - Natur Ya\u015f Sebze ve Meyve \u0130hracat | Domates<\/title>\n<meta name=\"robots\" content=\"index, follow, max-snippet:-1, max-image-preview:large, max-video-preview:-1\" \/>\n<link rel=\"canonical\" href=\"https:\/\/natur.net.tr\/en\/kvkk-metni\/\" \/>\n<meta property=\"og:locale\" content=\"en_US\" \/>\n<meta property=\"og:type\" content=\"article\" \/>\n<meta property=\"og:title\" content=\"KVKK Metni\" \/>\n<meta property=\"og:description\" content=\"Natur\u00a0olarak, natur.net.tr web sitesi ziyaret\u00e7ilerimizin, m\u00fc\u015fterilerimizin ve i\u015f ortaklar\u0131m\u0131z\u0131n ki\u015fisel verilerinin g\u00fcvenli\u011fine b\u00fcy\u00fck \u00f6nem vermekteyiz. 6698 say\u0131l\u0131 Ki\u015fisel Verilerin Korunmas\u0131 Kanunu (&#8220;KVKK&#8221;) kapsam\u0131nda &#8220;Veri Sorumlusu&#8221; s\u0131fat\u0131yla, ki\u015fisel verilerinizi a\u015fa\u011f\u0131da a\u00e7\u0131klanan \u00e7er\u00e7evede i\u015flemekteyiz. 1. Veri Sorumlusu Ki\u015fisel verileriniz; natur.net.tr taraf\u0131ndan, veri sorumlusu s\u0131fat\u0131yla a\u015fa\u011f\u0131da belirtilen kapsamda i\u015flenebilecektir. 2. Ki\u015fisel Verilerin Hangi Ama\u00e7la \u0130\u015flenece\u011fi Toplanan ki\u015fisel verileriniz [&hellip;]\" \/>\n<meta property=\"og:url\" content=\"https:\/\/natur.net.tr\/en\/kvkk-metni\/\" \/>\n<meta property=\"og:site_name\" content=\"Natur Ya\u015f Sebze ve Meyve \u0130hracat | Domates\" \/>\n<meta property=\"article:modified_time\" content=\"2025-12-13T06:36:45+00:00\" \/>\n<meta property=\"og:image\" content=\"https:\/\/natur.net.tr\/wp-content\/uploads\/2025\/11\/2.jpg\" \/>\n\t<meta property=\"og:image:width\" content=\"1920\" \/>\n\t<meta property=\"og:image:height\" content=\"1080\" \/>\n\t<meta property=\"og:image:type\" content=\"image\/jpeg\" \/>\n<meta name=\"twitter:card\" content=\"summary_large_image\" \/>\n<script type=\"application\/ld+json\" class=\"yoast-schema-graph\">{\"@context\":\"https:\/\/schema.org\",\"@graph\":[{\"@type\":\"WebPage\",\"@id\":\"https:\/\/natur.net.tr\/kvkk-metni\/\",\"url\":\"https:\/\/natur.net.tr\/kvkk-metni\/\",\"name\":\"KVKK Metni - Natur Ya\u015f Sebze ve Meyve \u0130hracat | Domates\",\"isPartOf\":{\"@id\":\"https:\/\/natur.net.tr\/#website\"},\"datePublished\":\"2025-12-13T06:31:24+00:00\",\"dateModified\":\"2025-12-13T06:36:45+00:00\",\"breadcrumb\":{\"@id\":\"https:\/\/natur.net.tr\/kvkk-metni\/#breadcrumb\"},\"inLanguage\":\"en-US\",\"potentialAction\":[{\"@type\":\"ReadAction\",\"target\":[\"https:\/\/natur.net.tr\/kvkk-metni\/\"]}]},{\"@type\":\"BreadcrumbList\",\"@id\":\"https:\/\/natur.net.tr\/kvkk-metni\/#breadcrumb\",\"itemListElement\":[{\"@type\":\"ListItem\",\"position\":1,\"name\":\"Anasayfa\",\"item\":\"https:\/\/natur.net.tr\/\"},{\"@type\":\"ListItem\",\"position\":2,\"name\":\"KVKK Metni\"}]},{\"@type\":\"WebSite\",\"@id\":\"https:\/\/natur.net.tr\/#website\",\"url\":\"https:\/\/natur.net.tr\/\",\"name\":\"Natur Ya\u015f Sebze ve Meyve \u00dcreticisi ve \u0130hracat\",\"description\":\"Topraktan D\u00fcnyaya, Sertifikal\u0131 Lezzet\",\"publisher\":{\"@id\":\"https:\/\/natur.net.tr\/#organization\"},\"potentialAction\":[{\"@type\":\"SearchAction\",\"target\":{\"@type\":\"EntryPoint\",\"urlTemplate\":\"https:\/\/natur.net.tr\/?s={search_term_string}\"},\"query-input\":{\"@type\":\"PropertyValueSpecification\",\"valueRequired\":true,\"valueName\":\"search_term_string\"}}],\"inLanguage\":\"en-US\"},{\"@type\":\"Organization\",\"@id\":\"https:\/\/natur.net.tr\/#organization\",\"name\":\"Natur Ya\u015f Sebze ve Meyve AS\",\"url\":\"https:\/\/natur.net.tr\/\",\"logo\":{\"@type\":\"ImageObject\",\"inLanguage\":\"en-US\",\"@id\":\"https:\/\/natur.net.tr\/#\/schema\/logo\/image\/\",\"url\":\"https:\/\/natur.net.tr\/wp-content\/uploads\/2025\/12\/cropped-natur-logo-e1766128456377.png\",\"contentUrl\":\"https:\/\/natur.net.tr\/wp-content\/uploads\/2025\/12\/cropped-natur-logo-e1766128456377.png\",\"width\":512,\"height\":512,\"caption\":\"Natur Ya\u015f Sebze ve Meyve AS\"},\"image\":{\"@id\":\"https:\/\/natur.net.tr\/#\/schema\/logo\/image\/\"}}]}<\/script>\n<!-- \/ Yoast SEO Premium plugin. -->","yoast_head_json":{"title":"KVKK Metni - Natur Ya\u015f Sebze ve Meyve \u0130hracat | Domates","robots":{"index":"index","follow":"follow","max-snippet":"max-snippet:-1","max-image-preview":"max-image-preview:large","max-video-preview":"max-video-preview:-1"},"canonical":"https:\/\/natur.net.tr\/en\/kvkk-metni\/","og_locale":"en_US","og_type":"article","og_title":"KVKK Metni","og_description":"Natur\u00a0olarak, natur.net.tr web sitesi ziyaret\u00e7ilerimizin, m\u00fc\u015fterilerimizin ve i\u015f ortaklar\u0131m\u0131z\u0131n ki\u015fisel verilerinin g\u00fcvenli\u011fine b\u00fcy\u00fck \u00f6nem vermekteyiz. 6698 say\u0131l\u0131 Ki\u015fisel Verilerin Korunmas\u0131 Kanunu (&#8220;KVKK&#8221;) kapsam\u0131nda &#8220;Veri Sorumlusu&#8221; s\u0131fat\u0131yla, ki\u015fisel verilerinizi a\u015fa\u011f\u0131da a\u00e7\u0131klanan \u00e7er\u00e7evede i\u015flemekteyiz. 1. Veri Sorumlusu Ki\u015fisel verileriniz; natur.net.tr taraf\u0131ndan, veri sorumlusu s\u0131fat\u0131yla a\u015fa\u011f\u0131da belirtilen kapsamda i\u015flenebilecektir. 2. Ki\u015fisel Verilerin Hangi Ama\u00e7la \u0130\u015flenece\u011fi Toplanan ki\u015fisel verileriniz [&hellip;]","og_url":"https:\/\/natur.net.tr\/en\/kvkk-metni\/","og_site_name":"Natur Ya\u015f Sebze ve Meyve \u0130hracat | Domates","article_modified_time":"2025-12-13T06:36:45+00:00","og_image":[{"width":1920,"height":1080,"url":"https:\/\/natur.net.tr\/wp-content\/uploads\/2025\/11\/2.jpg","type":"image\/jpeg"}],"twitter_card":"summary_large_image","schema":{"@context":"https:\/\/schema.org","@graph":[{"@type":"WebPage","@id":"https:\/\/natur.net.tr\/kvkk-metni\/","url":"https:\/\/natur.net.tr\/kvkk-metni\/","name":"KVKK Metni - Natur Ya\u015f Sebze ve Meyve \u0130hracat | Domates","isPartOf":{"@id":"https:\/\/natur.net.tr\/#website"},"datePublished":"2025-12-13T06:31:24+00:00","dateModified":"2025-12-13T06:36:45+00:00","breadcrumb":{"@id":"https:\/\/natur.net.tr\/kvkk-metni\/#breadcrumb"},"inLanguage":"en-US","potentialAction":[{"@type":"ReadAction","target":["https:\/\/natur.net.tr\/kvkk-metni\/"]}]},{"@type":"BreadcrumbList","@id":"https:\/\/natur.net.tr\/kvkk-metni\/#breadcrumb","itemListElement":[{"@type":"ListItem","position":1,"name":"Anasayfa","item":"https:\/\/natur.net.tr\/"},{"@type":"ListItem","position":2,"name":"KVKK Metni"}]},{"@type":"WebSite","@id":"https:\/\/natur.net.tr\/#website","url":"https:\/\/natur.net.tr\/","name":"Natur Ya\u015f Sebze ve Meyve \u00dcreticisi ve \u0130hracat","description":"Topraktan D\u00fcnyaya, Sertifikal\u0131 Lezzet","publisher":{"@id":"https:\/\/natur.net.tr\/#organization"},"potentialAction":[{"@type":"SearchAction","target":{"@type":"EntryPoint","urlTemplate":"https:\/\/natur.net.tr\/?s={search_term_string}"},"query-input":{"@type":"PropertyValueSpecification","valueRequired":true,"valueName":"search_term_string"}}],"inLanguage":"en-US"},{"@type":"Organization","@id":"https:\/\/natur.net.tr\/#organization","name":"Natur Ya\u015f Sebze ve Meyve AS","url":"https:\/\/natur.net.tr\/","logo":{"@type":"ImageObject","inLanguage":"en-US","@id":"https:\/\/natur.net.tr\/#\/schema\/logo\/image\/","url":"https:\/\/natur.net.tr\/wp-content\/uploads\/2025\/12\/cropped-natur-logo-e1766128456377.png","contentUrl":"https:\/\/natur.net.tr\/wp-content\/uploads\/2025\/12\/cropped-natur-logo-e1766128456377.png","width":512,"height":512,"caption":"Natur Ya\u015f Sebze ve Meyve AS"},"image":{"@id":"https:\/\/natur.net.tr\/#\/schema\/logo\/image\/"}}]}},"_hostinger_reach_plugin_has_subscription_block":false,"_hostinger_reach_plugin_is_elementor":false,"_links":{"self":[{"href":"https:\/\/natur.net.tr\/en\/wp-json\/wp\/v2\/pages\/10150","targetHints":{"allow":["GET"]}}],"collection":[{"href":"https:\/\/natur.net.tr\/en\/wp-json\/wp\/v2\/pages"}],"about":[{"href":"https:\/\/natur.net.tr\/en\/wp-json\/wp\/v2\/types\/page"}],"author":[{"embeddable":true,"href":"https:\/\/natur.net.tr\/en\/wp-json\/wp\/v2\/users\/2"}],"replies":[{"embeddable":true,"href":"https:\/\/natur.net.tr\/en\/wp-json\/wp\/v2\/comments?post=10150"}],"version-history":[{"count":0,"href":"https:\/\/natur.net.tr\/en\/wp-json\/wp\/v2\/pages\/10150\/revisions"}],"wp:attachment":[{"href":"https:\/\/natur.net.tr\/en\/wp-json\/wp\/v2\/media?parent=10150"}],"curies":[{"name":"wp","href":"https:\/\/api.w.org\/{rel}","templated":true}]}}